{"id":24980,"date":"2024-02-16T22:02:19","date_gmt":"2024-02-16T21:02:19","guid":{"rendered":"https:\/\/ascg.me\/who-are-we\/milica-pejanovic-durisic\/"},"modified":"2024-05-20T17:29:02","modified_gmt":"2024-05-20T16:29:02","slug":"milica-pejanovic-durisic","status":"publish","type":"page","link":"https:\/\/ascg.me\/en\/who-are-we\/milica-pejanovic-durisic\/","title":{"rendered":"Milica Pejanovi\u0107 \u0110uri\u0161i\u0107"},"content":{"rendered":"\t\t<div data-elementor-type=\"wp-page\" data-elementor-id=\"24980\" class=\"elementor elementor-24980 elementor-19636\" data-elementor-post-type=\"page\">\n\t\t\t\t<div class=\"elementor-element elementor-element-257c0fa e-con-full e-flex e-con e-parent\" data-id=\"257c0fa\" data-element_type=\"container\" data-e-type=\"container\" data-settings=\"{&quot;background_background&quot;:&quot;classic&quot;,&quot;jet_parallax_layout_list&quot;:[]}\">\n\t\t\t\t<div class=\"elementor-element elementor-element-d9c99f3 elementor-absolute elementor-widget elementor-widget-image\" data-id=\"d9c99f3\" data-element_type=\"widget\" data-e-type=\"widget\" data-settings=\"{&quot;_position&quot;:&quot;absolute&quot;}\" data-widget_type=\"image.default\">\n\t\t\t\t<div class=\"elementor-widget-container\">\n\t\t\t\t\t\t\t\t\t\t\t\t\t\t\t<img fetchpriority=\"high\" decoding=\"async\" width=\"2000\" height=\"2000\" src=\"https:\/\/ascg.me\/wp-content\/uploads\/circles-header.png\" class=\"attachment-full size-full wp-image-22739\" alt=\"\" \/>\t\t\t\t\t\t\t\t\t\t\t\t\t\t\t<\/div>\n\t\t\t\t<\/div>\n\t\t\t\t<\/div>\n\t\t<div class=\"elementor-element elementor-element-6868ca1 e-flex e-con-boxed e-con e-parent\" data-id=\"6868ca1\" data-element_type=\"container\" data-e-type=\"container\" data-settings=\"{&quot;jet_parallax_layout_list&quot;:[]}\">\n\t\t\t\t\t<div class=\"e-con-inner\">\n\t\t<div class=\"elementor-element elementor-element-d17bf74 e-flex e-con-boxed e-con e-child\" data-id=\"d17bf74\" data-element_type=\"container\" data-e-type=\"container\" data-settings=\"{&quot;jet_parallax_layout_list&quot;:[]}\">\n\t\t\t\t\t<div class=\"e-con-inner\">\n\t\t\t\t<div class=\"elementor-element elementor-element-2188098 elementor-widget elementor-widget-image\" data-id=\"2188098\" data-element_type=\"widget\" data-e-type=\"widget\" data-widget_type=\"image.default\">\n\t\t\t\t<div class=\"elementor-widget-container\">\n\t\t\t\t\t\t\t\t\t\t\t\t\t\t\t<img decoding=\"async\" width=\"237\" height=\"237\" src=\"https:\/\/ascg.me\/wp-content\/uploads\/milica-pejanovic-djurisic_0.jpg\" class=\"attachment-full size-full wp-image-19679\" alt=\"\" \/>\t\t\t\t\t\t\t\t\t\t\t\t\t\t\t<\/div>\n\t\t\t\t<\/div>\n\t\t\t\t<div class=\"elementor-element elementor-element-95e1264 elementor-widget elementor-widget-heading\" data-id=\"95e1264\" data-element_type=\"widget\" data-e-type=\"widget\" data-widget_type=\"heading.default\">\n\t\t\t\t<div class=\"elementor-widget-container\">\n\t\t\t\t\t<h1 class=\"elementor-heading-title elementor-size-default\">Milica Pejanovi\u0107 \u0110uri\u0161i\u0107<\/h1>\t\t\t\t<\/div>\n\t\t\t\t<\/div>\n\t\t\t\t<div class=\"elementor-element elementor-element-3f047f0 elementor-widget elementor-widget-text-editor\" data-id=\"3f047f0\" data-element_type=\"widget\" data-e-type=\"widget\" data-widget_type=\"text-editor.default\">\n\t\t\t\t<div class=\"elementor-widget-container\">\n\t\t\t\t\t\t\t\t\t<div>\n<p class=\"Body\"><span lang=\"NL\">Prof. Dr. Milica Pejanovi\u0107 \u0110uri\u0161i\u0107 served as the Minister of Defence in the Government of Montenegro from March 2012 to November 2016. During that period, the focus was on Montenegro&#8217;s membership in NATO, which encompassed the implementation of comprehensive reforms in the defence and security sectors. Montenegro received the invitation to join the NATO Alliance on December 2, 2015, followed by full membership in 2017. Prof. Dr. Pejanovi\u0107 \u0110uri\u0161i\u0107 is a member of the Mediterranean Women Mediators Network. Previously, Prof. Dr. Pejanovi\u0107 \u0110uri\u0161i\u0107 served as the first ambassador of Montenegro, following the restoration of independence, to France, the Principality of Monaco, and UNESCO. From 2004. to 2006. she was <\/span><span lang=\"ES-TRAD\">the first ambassador<\/span><span lang=\"NL\">of the State Union of Serbia and Montenegro to Belgium and Luxembourg. In the period from 1992 to 2001, she was a member of the Parliament of Montenegro, and in the first democratic elections in Montenegro, she was elected as a member of the Presidency of Montenegro (1990-1992).<\/span><\/p>\n<\/div>\n<div>\n<p class=\"Body\"><span lang=\"NL\">Prof. Dr. Pejanovi\u0107 \u0110uri\u0161i\u0107 holds a PhD in the field of electrical engineering-telecommunications and has continuously built her academic career. She is a full professor of telecommunications and wireless communications at the Faculty of Electrical Engineering of the University of Montenegro and the director of the ICT<\/span><span lang=\"IT\">Research<\/span><span lang=\"NL\">Center. She has achieved significant results in research and innovation, which have been published in books, over two hundred scientific papers, project studies and reports, tutorials, and invited lectures. She has also gained significant professional and industry experience as the Chairwoman of the Board of Directors of Telekom Montenegro (1999-2002), as well as the Chairwoman of the Board of the first Internet service provider in Montenegro (2001-2002). She has regular engagements as a consultant in the field of information and telecommunication technologies for numerous companies, the European Commission, ITU, and participates in a range of global professional associations and initiatives in the field of information and communication technologies.<\/span><\/p>\n<\/div>\n\t\t\t\t\t\t\t\t<\/div>\n\t\t\t\t<\/div>\n\t\t\t\t\t<\/div>\n\t\t\t\t<\/div>\n\t\t\t\t\t<\/div>\n\t\t\t\t<\/div>\n\t\t<div class=\"elementor-element elementor-element-5f3f730 e-flex e-con-boxed e-con e-parent\" data-id=\"5f3f730\" data-element_type=\"container\" data-e-type=\"container\" data-settings=\"{&quot;jet_parallax_layout_list&quot;:[],&quot;background_background&quot;:&quot;classic&quot;}\">\n\t\t\t\t\t<div class=\"e-con-inner\">\n\t\t\t\t<div class=\"elementor-element elementor-element-a84f99e elementor-widget elementor-widget-jet-breadcrumbs\" data-id=\"a84f99e\" data-element_type=\"widget\" data-e-type=\"widget\" data-widget_type=\"jet-breadcrumbs.default\">\n\t\t\t\t<div class=\"elementor-widget-container\">\n\t\t\t\t\t<div class=\"elementor-jet-breadcrumbs jet-blocks\">\n\t\t<div class=\"jet-breadcrumbs\">\n\t\t<div class=\"jet-breadcrumbs__content\">\n\t\t<div class=\"jet-breadcrumbs__wrap\"><div class=\"jet-breadcrumbs__item\"><a href=\"https:\/\/ascg.me\/en\/\" class=\"jet-breadcrumbs__item-link is-home\" rel=\"home\" title=\"Home\">Home<\/a><\/div>\n\t\t<\/div>\n\t\t<\/div>\n\t\t<\/div><\/div>\t\t\t\t<\/div>\n\t\t\t\t<\/div>\n\t\t\t\t\t<\/div>\n\t\t\t\t<\/div>\n\t\t\t\t<\/div>\n\t\t","protected":false},"excerpt":{"rendered":"<p>Milica Pejanovi\u0107 \u0110uri\u0161i\u0107 Prof. Dr. Milica Pejanovi\u0107 \u0110uri\u0161i\u0107 served as the Minister of Defence in the Government of Montenegro from March 2012 to November 2016. During that period, the focus was on Montenegro&#8217;s membership in NATO, which encompassed the implementation of comprehensive reforms in the defence and security sectors. Montenegro received the invitation to join [&hellip;]<\/p>\n","protected":false},"author":1,"featured_media":0,"parent":24977,"menu_order":0,"comment_status":"closed","ping_status":"closed","template":"","meta":{"_seopress_robots_primary_cat":"","_seopress_titles_title":"","_seopress_titles_desc":"Prof. Dr. Pejanovi\u0107 \u0110uri\u0161i\u0107 holds a PhD in the field of electrical engineering-telecommunications and has continuously built her academic career.","_seopress_robots_index":"","footnotes":""},"class_list":["post-24980","page","type-page","status-publish","hentry"],"_links":{"self":[{"href":"https:\/\/ascg.me\/en\/wp-json\/wp\/v2\/pages\/24980","targetHints":{"allow":["GET"]}}],"collection":[{"href":"https:\/\/ascg.me\/en\/wp-json\/wp\/v2\/pages"}],"about":[{"href":"https:\/\/ascg.me\/en\/wp-json\/wp\/v2\/types\/page"}],"author":[{"embeddable":true,"href":"https:\/\/ascg.me\/en\/wp-json\/wp\/v2\/users\/1"}],"replies":[{"embeddable":true,"href":"https:\/\/ascg.me\/en\/wp-json\/wp\/v2\/comments?post=24980"}],"version-history":[{"count":3,"href":"https:\/\/ascg.me\/en\/wp-json\/wp\/v2\/pages\/24980\/revisions"}],"predecessor-version":[{"id":24983,"href":"https:\/\/ascg.me\/en\/wp-json\/wp\/v2\/pages\/24980\/revisions\/24983"}],"up":[{"embeddable":true,"href":"https:\/\/ascg.me\/en\/wp-json\/wp\/v2\/pages\/24977"}],"wp:attachment":[{"href":"https:\/\/ascg.me\/en\/wp-json\/wp\/v2\/media?parent=24980"}],"curies":[{"name":"wp","href":"https:\/\/api.w.org\/{rel}","templated":true}]}}