{"id":25008,"date":"2024-02-12T11:18:02","date_gmt":"2024-02-12T10:18:02","guid":{"rendered":"https:\/\/ascg.me\/contact\/"},"modified":"2024-05-20T18:24:34","modified_gmt":"2024-05-20T17:24:34","slug":"contact","status":"publish","type":"page","link":"https:\/\/ascg.me\/en\/contact\/","title":{"rendered":"Contact"},"content":{"rendered":"\t\t<div data-elementor-type=\"wp-page\" data-elementor-id=\"25008\" class=\"elementor elementor-25008 elementor-292\" data-elementor-post-type=\"page\">\n\t\t\t\t<div class=\"elementor-element elementor-element-0eb92fa e-con-full e-flex e-con e-parent\" data-id=\"0eb92fa\" data-element_type=\"container\" data-e-type=\"container\" data-settings=\"{&quot;background_background&quot;:&quot;classic&quot;,&quot;jet_parallax_layout_list&quot;:[]}\">\n\t\t\t\t<div class=\"elementor-element elementor-element-819f247 elementor-absolute elementor-widget elementor-widget-image\" data-id=\"819f247\" data-element_type=\"widget\" data-e-type=\"widget\" data-settings=\"{&quot;_position&quot;:&quot;absolute&quot;}\" data-widget_type=\"image.default\">\n\t\t\t\t<div class=\"elementor-widget-container\">\n\t\t\t\t\t\t\t\t\t\t\t\t\t\t\t<img fetchpriority=\"high\" decoding=\"async\" width=\"2000\" height=\"2000\" src=\"https:\/\/ascg.me\/wp-content\/uploads\/circles-header.png\" class=\"attachment-full size-full wp-image-22739\" alt=\"\" \/>\t\t\t\t\t\t\t\t\t\t\t\t\t\t\t<\/div>\n\t\t\t\t<\/div>\n\t\t\t\t<\/div>\n\t\t<div class=\"elementor-element elementor-element-1574df6 e-flex e-con-boxed e-con e-parent\" data-id=\"1574df6\" data-element_type=\"container\" data-e-type=\"container\" data-settings=\"{&quot;jet_parallax_layout_list&quot;:[]}\">\n\t\t\t\t\t<div class=\"e-con-inner\">\n\t\t<div class=\"elementor-element elementor-element-1f45729 e-con-full e-flex e-con e-child\" data-id=\"1f45729\" data-element_type=\"container\" data-e-type=\"container\" data-settings=\"{&quot;jet_parallax_layout_list&quot;:[]}\">\n\t\t<div class=\"elementor-element elementor-element-8955adc e-con-full e-flex e-con e-child\" data-id=\"8955adc\" data-element_type=\"container\" data-e-type=\"container\" data-settings=\"{&quot;jet_parallax_layout_list&quot;:[]}\">\n\t\t\t\t<div class=\"elementor-element elementor-element-4ae56cf elementor-view-default elementor-widget elementor-widget-icon\" data-id=\"4ae56cf\" data-element_type=\"widget\" data-e-type=\"widget\" data-widget_type=\"icon.default\">\n\t\t\t\t<div class=\"elementor-widget-container\">\n\t\t\t\t\t\t\t<div class=\"elementor-icon-wrapper\">\n\t\t\t<div class=\"elementor-icon\">\n\t\t\t<svg aria-hidden=\"true\" class=\"e-font-icon-svg e-fas-circle\" viewBox=\"0 0 512 512\" xmlns=\"http:\/\/www.w3.org\/2000\/svg\"><path d=\"M256 8C119 8 8 119 8 256s111 248 248 248 248-111 248-248S393 8 256 8z\"><\/path><\/svg>\t\t\t<\/div>\n\t\t<\/div>\n\t\t\t\t\t\t<\/div>\n\t\t\t\t<\/div>\n\t\t\t\t<\/div>\n\t\t\t\t<div class=\"elementor-element elementor-element-bb416ba elementor-icon-list--layout-traditional elementor-list-item-link-full_width elementor-widget elementor-widget-icon-list\" data-id=\"bb416ba\" data-element_type=\"widget\" data-e-type=\"widget\" data-widget_type=\"icon-list.default\">\n\t\t\t\t<div class=\"elementor-widget-container\">\n\t\t\t\t\t\t\t<ul class=\"elementor-icon-list-items\">\n\t\t\t\t\t\t\t<li class=\"elementor-icon-list-item\">\n\t\t\t\t\t\t\t\t\t\t\t<a href=\"https:\/\/www.google.com\/maps\/place\/Atlantski+savez+Crne+Gore\/@42.4474278,19.2545438,17z\/data=!3m1!4b1!4m6!3m5!1s0x134debab7e7237e7:0xd0adca9b66ce327e!8m2!3d42.4474239!4d19.2571187!16s%2Fg%2F11fjrz_r3j?entry=ttu\" target=\"_blank\">\n\n\t\t\t\t\t\t\t\t\t\t\t\t<span class=\"elementor-icon-list-icon\">\n\t\t\t\t\t\t\t<svg xmlns=\"http:\/\/www.w3.org\/2000\/svg\" viewBox=\"0 0 384 512\"><path d=\"M272 192C272 236.2 236.2 272 192 272C147.8 272 112 236.2 112 192C112 147.8 147.8 112 192 112C236.2 112 272 147.8 272 192zM192 160C174.3 160 160 174.3 160 192C160 209.7 174.3 224 192 224C209.7 224 224 209.7 224 192C224 174.3 209.7 160 192 160zM384 192C384 279.4 267 435 215.7 499.2C203.4 514.5 180.6 514.5 168.3 499.2C116.1 435 0 279.4 0 192C0 85.96 85.96 0 192 0C298 0 384 85.96 384 192H384zM192 48C112.5 48 48 112.5 48 192C48 204.4 52.49 223.6 63.3 249.2C73.78 274 88.66 301.4 105.8 329.1C134.2 375.3 167.2 419.1 192 451.7C216.8 419.1 249.8 375.3 278.2 329.1C295.3 301.4 310.2 274 320.7 249.2C331.5 223.6 336 204.4 336 192C336 112.5 271.5 48 192 48V48z\"><\/path><\/svg>\t\t\t\t\t\t<\/span>\n\t\t\t\t\t\t\t\t\t\t<span class=\"elementor-icon-list-text\">Serdara Jola Pileti\u0107a 1\/J, Podgorica 81000, Montenegro<\/span>\n\t\t\t\t\t\t\t\t\t\t\t<\/a>\n\t\t\t\t\t\t\t\t\t<\/li>\n\t\t\t\t\t\t\t\t<li class=\"elementor-icon-list-item\">\n\t\t\t\t\t\t\t\t\t\t\t<a href=\"mailto:office@ascg.me\">\n\n\t\t\t\t\t\t\t\t\t\t\t\t<span class=\"elementor-icon-list-icon\">\n\t\t\t\t\t\t\t<svg xmlns=\"http:\/\/www.w3.org\/2000\/svg\" viewBox=\"0 0 512 512\"><path d=\"M476.8 214.2c-8.244 0-16.23 2.891-22.56 8.168l-156.9 130.8c-22.68 18.9-59.8 18.91-82.49 .002L57.8 222.3c-6.332-5.277-14.32-8.168-22.56-8.168C15.78 214.2 0 229.9 0 249.4v198.6C0 483.3 28.65 512 64 512h384c35.35 0 64-28.67 64-64.01V249.4C512 229.9 496.2 214.2 476.8 214.2zM464 448c0 8.822-7.178 16-16 16H64c-8.822 0-16-7.178-16-16V276.7l136.1 113.4C204.3 406.8 229.8 416.1 256 416.1s51.75-9.224 71.97-26.02L464 276.7V448zM112 225.9V56c0-4.406 3.594-8 8-8h272c4.406 0 8 3.594 8 8v169.8l33.72-28.1C438.1 194.1 442.9 191.3 448 188.9V56C448 25.12 422.9 0 392 0h-272C89.13 0 64 25.12 64 56v132.9c5.064 2.41 9.941 5.23 14.3 8.863L112 225.9zM328 96h-144C170.7 96 160 106.7 160 120C160 133.3 170.7 144 184 144h144C341.3 144 352 133.3 352 120C352 106.7 341.3 96 328 96zM328 176h-144C170.7 176 160 186.7 160 200C160 213.3 170.7 224 184 224h144C341.3 224 352 213.3 352 200C352 186.7 341.3 176 328 176z\"><\/path><\/svg>\t\t\t\t\t\t<\/span>\n\t\t\t\t\t\t\t\t\t\t<span class=\"elementor-icon-list-text\">office@ascg.me<\/span>\n\t\t\t\t\t\t\t\t\t\t\t<\/a>\n\t\t\t\t\t\t\t\t\t<\/li>\n\t\t\t\t\t\t\t\t<li class=\"elementor-icon-list-item\">\n\t\t\t\t\t\t\t\t\t\t\t<a href=\"mailto:pr@ascg.me\">\n\n\t\t\t\t\t\t\t\t\t\t\t\t<span class=\"elementor-icon-list-icon\">\n\t\t\t\t\t\t\t<svg xmlns=\"http:\/\/www.w3.org\/2000\/svg\" viewBox=\"0 0 512 512\"><path d=\"M476.8 214.2c-8.244 0-16.23 2.891-22.56 8.168l-156.9 130.8c-22.68 18.9-59.8 18.91-82.49 .002L57.8 222.3c-6.332-5.277-14.32-8.168-22.56-8.168C15.78 214.2 0 229.9 0 249.4v198.6C0 483.3 28.65 512 64 512h384c35.35 0 64-28.67 64-64.01V249.4C512 229.9 496.2 214.2 476.8 214.2zM464 448c0 8.822-7.178 16-16 16H64c-8.822 0-16-7.178-16-16V276.7l136.1 113.4C204.3 406.8 229.8 416.1 256 416.1s51.75-9.224 71.97-26.02L464 276.7V448zM112 225.9V56c0-4.406 3.594-8 8-8h272c4.406 0 8 3.594 8 8v169.8l33.72-28.1C438.1 194.1 442.9 191.3 448 188.9V56C448 25.12 422.9 0 392 0h-272C89.13 0 64 25.12 64 56v132.9c5.064 2.41 9.941 5.23 14.3 8.863L112 225.9zM328 96h-144C170.7 96 160 106.7 160 120C160 133.3 170.7 144 184 144h144C341.3 144 352 133.3 352 120C352 106.7 341.3 96 328 96zM328 176h-144C170.7 176 160 186.7 160 200C160 213.3 170.7 224 184 224h144C341.3 224 352 213.3 352 200C352 186.7 341.3 176 328 176z\"><\/path><\/svg>\t\t\t\t\t\t<\/span>\n\t\t\t\t\t\t\t\t\t\t<span class=\"elementor-icon-list-text\">pr@ascg.me (media inquiries)<\/span>\n\t\t\t\t\t\t\t\t\t\t\t<\/a>\n\t\t\t\t\t\t\t\t\t<\/li>\n\t\t\t\t\t\t\t\t<li class=\"elementor-icon-list-item\">\n\t\t\t\t\t\t\t\t\t\t\t<a href=\"tel:+38220510805\">\n\n\t\t\t\t\t\t\t\t\t\t\t\t<span class=\"elementor-icon-list-icon\">\n\t\t\t\t\t\t\t<svg xmlns=\"http:\/\/www.w3.org\/2000\/svg\" viewBox=\"0 0 512 512\"><path d=\"M480.3 320.3L382.1 278.2c-21.41-9.281-46.64-3.109-61.2 14.95l-27.44 33.5c-44.78-25.75-82.29-63.25-108-107.1l33.55-27.48c17.91-14.62 24.09-39.7 15.02-61.05L191.7 31.53c-10.16-23.2-35.34-35.86-59.87-30.19l-91.25 21.06C16.7 27.86 0 48.83 0 73.39c0 241.9 196.7 438.6 438.6 438.6c24.56 0 45.53-16.69 50.1-40.53l21.06-91.34C516.4 355.5 503.6 330.3 480.3 320.3zM463.9 369.3l-21.09 91.41c-.4687 1.1-2.109 3.281-4.219 3.281c-215.4 0-390.6-175.2-390.6-390.6c0-2.094 1.297-3.734 3.344-4.203l91.34-21.08c.3125-.0781 .6406-.1094 .9531-.1094c1.734 0 3.359 1.047 4.047 2.609l42.14 98.33c.75 1.766 .25 3.828-1.25 5.062L139.8 193.1c-8.625 7.062-11.25 19.14-6.344 29.14c33.01 67.23 88.26 122.5 155.5 155.5c9.1 4.906 22.09 2.281 29.16-6.344l40.01-48.87c1.109-1.406 3.187-1.938 4.922-1.125l98.26 42.09C463.2 365.2 464.3 367.3 463.9 369.3z\"><\/path><\/svg>\t\t\t\t\t\t<\/span>\n\t\t\t\t\t\t\t\t\t\t<span class=\"elementor-icon-list-text\">+382 20 510 805<\/span>\n\t\t\t\t\t\t\t\t\t\t\t<\/a>\n\t\t\t\t\t\t\t\t\t<\/li>\n\t\t\t\t\t\t\t\t<li class=\"elementor-icon-list-item\">\n\t\t\t\t\t\t\t\t\t\t\t<a href=\"tel:+38220510806\">\n\n\t\t\t\t\t\t\t\t\t\t\t\t<span class=\"elementor-icon-list-icon\">\n\t\t\t\t\t\t\t<svg xmlns=\"http:\/\/www.w3.org\/2000\/svg\" viewBox=\"0 0 512 512\"><path d=\"M480.3 320.3L382.1 278.2c-21.41-9.281-46.64-3.109-61.2 14.95l-27.44 33.5c-44.78-25.75-82.29-63.25-108-107.1l33.55-27.48c17.91-14.62 24.09-39.7 15.02-61.05L191.7 31.53c-10.16-23.2-35.34-35.86-59.87-30.19l-91.25 21.06C16.7 27.86 0 48.83 0 73.39c0 241.9 196.7 438.6 438.6 438.6c24.56 0 45.53-16.69 50.1-40.53l21.06-91.34C516.4 355.5 503.6 330.3 480.3 320.3zM463.9 369.3l-21.09 91.41c-.4687 1.1-2.109 3.281-4.219 3.281c-215.4 0-390.6-175.2-390.6-390.6c0-2.094 1.297-3.734 3.344-4.203l91.34-21.08c.3125-.0781 .6406-.1094 .9531-.1094c1.734 0 3.359 1.047 4.047 2.609l42.14 98.33c.75 1.766 .25 3.828-1.25 5.062L139.8 193.1c-8.625 7.062-11.25 19.14-6.344 29.14c33.01 67.23 88.26 122.5 155.5 155.5c9.1 4.906 22.09 2.281 29.16-6.344l40.01-48.87c1.109-1.406 3.187-1.938 4.922-1.125l98.26 42.09C463.2 365.2 464.3 367.3 463.9 369.3z\"><\/path><\/svg>\t\t\t\t\t\t<\/span>\n\t\t\t\t\t\t\t\t\t\t<span class=\"elementor-icon-list-text\">+382 20 510 806<\/span>\n\t\t\t\t\t\t\t\t\t\t\t<\/a>\n\t\t\t\t\t\t\t\t\t<\/li>\n\t\t\t\t\t\t\t\t<li class=\"elementor-icon-list-item\">\n\t\t\t\t\t\t\t\t\t\t\t<a href=\"tel:+38220510807\">\n\n\t\t\t\t\t\t\t\t\t\t\t\t<span class=\"elementor-icon-list-icon\">\n\t\t\t\t\t\t\t<svg xmlns=\"http:\/\/www.w3.org\/2000\/svg\" viewBox=\"0 0 576 512\"><path d=\"M368 336h-32c-8.875 0-16 7.125-16 16v32c0 8.875 7.125 16 16 16h32c8.875 0 16-7.125 16-16v-32C384 343.1 376.9 336 368 336zM320 256v32c0 8.875 7.125 16 16 16h32C376.9 304 384 296.9 384 288V256c0-8.875-7.125-16-16-16h-32C327.1 240 320 247.1 320 256zM432 400h32c8.875 0 16-7.125 16-16v-32c0-8.875-7.125-16-16-16h-32c-8.875 0-16 7.125-16 16v32C416 392.9 423.1 400 432 400zM432 304h32C472.9 304 480 296.9 480 288V256c0-8.875-7.125-16-16-16h-32C423.1 240 416 247.1 416 256v32C416 296.9 423.1 304 432 304zM512 32H269C262.5 13.38 244.9 0 224 0H144C123.1 0 105.5 13.38 99 32H64C28.62 32 0 60.62 0 96v352c0 35.38 28.62 64 64 64h448c35.38 0 64-28.62 64-64V96C576 60.62 547.4 32 512 32zM144 48H224v320H144V48zM528 448c0 8.875-7.125 16-16 16H64c-8.875 0-16-7.125-16-16V96c0-8.875 7.125-16 16-16h32v288C96 394.5 117.5 416 144 416H224c26.5 0 48-21.5 48-48v-288H320v72C320 174 337.1 192 360 192h168V448zM528 144h-160v-64H512c8.875 0 16 7.125 16 16V144z\"><\/path><\/svg>\t\t\t\t\t\t<\/span>\n\t\t\t\t\t\t\t\t\t\t<span class=\"elementor-icon-list-text\">+382 20 510 807<\/span>\n\t\t\t\t\t\t\t\t\t\t\t<\/a>\n\t\t\t\t\t\t\t\t\t<\/li>\n\t\t\t\t\t\t<\/ul>\n\t\t\t\t\t\t<\/div>\n\t\t\t\t<\/div>\n\t\t\t\t<\/div>\n\t\t<div class=\"elementor-element elementor-element-d7805e3 e-con-full e-flex e-con e-child\" data-id=\"d7805e3\" data-element_type=\"container\" data-e-type=\"container\" data-settings=\"{&quot;jet_parallax_layout_list&quot;:[],&quot;background_background&quot;:&quot;classic&quot;}\">\n\t\t\t\t<div class=\"elementor-element elementor-element-7186aba elementor-widget elementor-widget-heading\" data-id=\"7186aba\" data-element_type=\"widget\" data-e-type=\"widget\" data-widget_type=\"heading.default\">\n\t\t\t\t<div class=\"elementor-widget-container\">\n\t\t\t\t\t<h5 class=\"elementor-heading-title elementor-size-default\">Subscribe to our Newsletter<\/h5>\t\t\t\t<\/div>\n\t\t\t\t<\/div>\n\t\t\t\t<div class=\"elementor-element elementor-element-2552075 elementor-button-align-start elementor-widget elementor-widget-form\" data-id=\"2552075\" data-element_type=\"widget\" data-e-type=\"widget\" data-settings=\"{&quot;button_width&quot;:&quot;33&quot;,&quot;step_type&quot;:&quot;number_text&quot;,&quot;step_icon_shape&quot;:&quot;circle&quot;}\" data-widget_type=\"form.default\">\n\t\t\t\t<div class=\"elementor-widget-container\">\n\t\t\t\t\t\t\t<form class=\"elementor-form\" method=\"post\" id=\"Newsletter\" name=\"Subscribe Form\" aria-label=\"Subscribe Form\">\n\t\t\t<input type=\"hidden\" name=\"post_id\" value=\"25008\"\/>\n\t\t\t<input type=\"hidden\" name=\"form_id\" value=\"2552075\"\/>\n\t\t\t<input type=\"hidden\" name=\"referer_title\" value=\"Contact\" \/>\n\n\t\t\t\t\t\t\t<input type=\"hidden\" name=\"queried_id\" value=\"25008\"\/>\n\t\t\t\n\t\t\t<div class=\"elementor-form-fields-wrapper elementor-labels-\">\n\t\t\t\t\t\t\t\t<div class=\"elementor-field-type-email elementor-field-group elementor-column elementor-field-group-email elementor-col-66 elementor-field-required\">\n\t\t\t\t\t\t\t\t\t\t\t\t<label for=\"form-field-email\" class=\"elementor-field-label elementor-screen-only\">\n\t\t\t\t\t\t\t\tEmail\t\t\t\t\t\t\t<\/label>\n\t\t\t\t\t\t\t\t\t\t\t\t\t\t<input size=\"1\" type=\"email\" name=\"form_fields[email]\" id=\"form-field-email\" class=\"elementor-field elementor-size-sm  elementor-field-textual\" placeholder=\"Your email address\" required=\"required\">\n\t\t\t\t\t\t\t\t\t\t\t<\/div>\n\t\t\t\t\t\t\t\t<div class=\"elementor-field-group elementor-column elementor-field-type-submit elementor-col-33 e-form__buttons\">\n\t\t\t\t\t<button class=\"elementor-button elementor-size-sm\" type=\"submit\">\n\t\t\t\t\t\t<span class=\"elementor-button-content-wrapper\">\n\t\t\t\t\t\t\t\t\t\t\t\t\t\t\t\t\t\t\t\t\t\t<span class=\"elementor-button-text\">Subscribe<\/span>\n\t\t\t\t\t\t\t\t\t\t\t\t\t<\/span>\n\t\t\t\t\t<\/button>\n\t\t\t\t<\/div>\n\t\t\t<\/div>\n\t\t<\/form>\n\t\t\t\t\t\t<\/div>\n\t\t\t\t<\/div>\n\t\t\t\t<div class=\"elementor-element elementor-element-cc543d5 elementor-widget elementor-widget-spacer\" data-id=\"cc543d5\" data-element_type=\"widget\" data-e-type=\"widget\" data-widget_type=\"spacer.default\">\n\t\t\t\t<div class=\"elementor-widget-container\">\n\t\t\t\t\t\t\t<div class=\"elementor-spacer\">\n\t\t\t<div class=\"elementor-spacer-inner\"><\/div>\n\t\t<\/div>\n\t\t\t\t\t\t<\/div>\n\t\t\t\t<\/div>\n\t\t\t\t<div class=\"elementor-element elementor-element-b3a5ac9 elementor-widget elementor-widget-heading\" data-id=\"b3a5ac9\" data-element_type=\"widget\" data-e-type=\"widget\" data-widget_type=\"heading.default\">\n\t\t\t\t<div class=\"elementor-widget-container\">\n\t\t\t\t\t<h5 class=\"elementor-heading-title elementor-size-default\">Follow us on social media<\/h5>\t\t\t\t<\/div>\n\t\t\t\t<\/div>\n\t\t\t\t<div class=\"elementor-element elementor-element-cd78714 e-grid-align-left e-grid-align-mobile-center elementor-shape-rounded elementor-grid-0 elementor-widget elementor-widget-social-icons\" data-id=\"cd78714\" data-element_type=\"widget\" data-e-type=\"widget\" data-widget_type=\"social-icons.default\">\n\t\t\t\t<div class=\"elementor-widget-container\">\n\t\t\t\t\t\t\t<div class=\"elementor-social-icons-wrapper elementor-grid\" role=\"list\">\n\t\t\t\t\t\t\t<span class=\"elementor-grid-item\" role=\"listitem\">\n\t\t\t\t\t<a class=\"elementor-icon elementor-social-icon elementor-social-icon- elementor-repeater-item-5787405\" href=\"https:\/\/x.com\/acm_ascg\" target=\"_blank\">\n\t\t\t\t\t\t<span class=\"elementor-screen-only\"><\/span>\n\t\t\t\t\t\t<svg xmlns=\"http:\/\/www.w3.org\/2000\/svg\" viewBox=\"0 0 512 512\"><path d=\"M389.2 48h70.6L305.6 224.2 487 464H345L233.7 318.6 106.5 464H35.8L200.7 275.5 26.8 48H172.4L272.9 180.9 389.2 48zM364.4 421.8h39.1L151.1 88h-42L364.4 421.8z\"><\/path><\/svg>\t\t\t\t\t<\/a>\n\t\t\t\t<\/span>\n\t\t\t\t\t\t\t<span class=\"elementor-grid-item\" role=\"listitem\">\n\t\t\t\t\t<a class=\"elementor-icon elementor-social-icon elementor-social-icon-linkedin elementor-repeater-item-c5c5463\" href=\"https:\/\/www.linkedin.com\/company\/atlantic-council-of-montenegro\/\" target=\"_blank\">\n\t\t\t\t\t\t<span class=\"elementor-screen-only\">Linkedin<\/span>\n\t\t\t\t\t\t<svg aria-hidden=\"true\" class=\"e-font-icon-svg e-fab-linkedin\" viewBox=\"0 0 448 512\" xmlns=\"http:\/\/www.w3.org\/2000\/svg\"><path d=\"M416 32H31.9C14.3 32 0 46.5 0 64.3v383.4C0 465.5 14.3 480 31.9 480H416c17.6 0 32-14.5 32-32.3V64.3c0-17.8-14.4-32.3-32-32.3zM135.4 416H69V202.2h66.5V416zm-33.2-243c-21.3 0-38.5-17.3-38.5-38.5S80.9 96 102.2 96c21.2 0 38.5 17.3 38.5 38.5 0 21.3-17.2 38.5-38.5 38.5zm282.1 243h-66.4V312c0-24.8-.5-56.7-34.5-56.7-34.6 0-39.9 27-39.9 54.9V416h-66.4V202.2h63.7v29.2h.9c8.9-16.8 30.6-34.5 62.9-34.5 67.2 0 79.7 44.3 79.7 101.9V416z\"><\/path><\/svg>\t\t\t\t\t<\/a>\n\t\t\t\t<\/span>\n\t\t\t\t\t\t\t<span class=\"elementor-grid-item\" role=\"listitem\">\n\t\t\t\t\t<a class=\"elementor-icon elementor-social-icon elementor-social-icon-facebook elementor-repeater-item-957e50d\" href=\"https:\/\/www.facebook.com\/AtlanticCouncilMontenegro\/\" target=\"_blank\">\n\t\t\t\t\t\t<span class=\"elementor-screen-only\">Facebook<\/span>\n\t\t\t\t\t\t<svg aria-hidden=\"true\" class=\"e-font-icon-svg e-fab-facebook\" viewBox=\"0 0 512 512\" xmlns=\"http:\/\/www.w3.org\/2000\/svg\"><path d=\"M504 256C504 119 393 8 256 8S8 119 8 256c0 123.78 90.69 226.38 209.25 245V327.69h-63V256h63v-54.64c0-62.15 37-96.48 93.67-96.48 27.14 0 55.52 4.84 55.52 4.84v61h-31.28c-30.8 0-40.41 19.12-40.41 38.73V256h68.78l-11 71.69h-57.78V501C413.31 482.38 504 379.78 504 256z\"><\/path><\/svg>\t\t\t\t\t<\/a>\n\t\t\t\t<\/span>\n\t\t\t\t\t\t\t<span class=\"elementor-grid-item\" role=\"listitem\">\n\t\t\t\t\t<a class=\"elementor-icon elementor-social-icon elementor-social-icon-instagram elementor-repeater-item-4858df8\" href=\"https:\/\/www.instagram.com\/atlanticcouncilmne\/\" target=\"_blank\">\n\t\t\t\t\t\t<span class=\"elementor-screen-only\">Instagram<\/span>\n\t\t\t\t\t\t<svg aria-hidden=\"true\" class=\"e-font-icon-svg e-fab-instagram\" viewBox=\"0 0 448 512\" xmlns=\"http:\/\/www.w3.org\/2000\/svg\"><path d=\"M224.1 141c-63.6 0-114.9 51.3-114.9 114.9s51.3 114.9 114.9 114.9S339 319.5 339 255.9 287.7 141 224.1 141zm0 189.6c-41.1 0-74.7-33.5-74.7-74.7s33.5-74.7 74.7-74.7 74.7 33.5 74.7 74.7-33.6 74.7-74.7 74.7zm146.4-194.3c0 14.9-12 26.8-26.8 26.8-14.9 0-26.8-12-26.8-26.8s12-26.8 26.8-26.8 26.8 12 26.8 26.8zm76.1 27.2c-1.7-35.9-9.9-67.7-36.2-93.9-26.2-26.2-58-34.4-93.9-36.2-37-2.1-147.9-2.1-184.9 0-35.8 1.7-67.6 9.9-93.9 36.1s-34.4 58-36.2 93.9c-2.1 37-2.1 147.9 0 184.9 1.7 35.9 9.9 67.7 36.2 93.9s58 34.4 93.9 36.2c37 2.1 147.9 2.1 184.9 0 35.9-1.7 67.7-9.9 93.9-36.2 26.2-26.2 34.4-58 36.2-93.9 2.1-37 2.1-147.8 0-184.8zM398.8 388c-7.8 19.6-22.9 34.7-42.6 42.6-29.5 11.7-99.5 9-132.1 9s-102.7 2.6-132.1-9c-19.6-7.8-34.7-22.9-42.6-42.6-11.7-29.5-9-99.5-9-132.1s-2.6-102.7 9-132.1c7.8-19.6 22.9-34.7 42.6-42.6 29.5-11.7 99.5-9 132.1-9s102.7-2.6 132.1 9c19.6 7.8 34.7 22.9 42.6 42.6 11.7 29.5 9 99.5 9 132.1s2.7 102.7-9 132.1z\"><\/path><\/svg>\t\t\t\t\t<\/a>\n\t\t\t\t<\/span>\n\t\t\t\t\t\t\t<span class=\"elementor-grid-item\" role=\"listitem\">\n\t\t\t\t\t<a class=\"elementor-icon elementor-social-icon elementor-social-icon-youtube elementor-repeater-item-489a350\" href=\"https:\/\/youtube.com\/@atlanticcouncilmontenegro\" target=\"_blank\">\n\t\t\t\t\t\t<span class=\"elementor-screen-only\">Youtube<\/span>\n\t\t\t\t\t\t<svg aria-hidden=\"true\" class=\"e-font-icon-svg e-fab-youtube\" viewBox=\"0 0 576 512\" xmlns=\"http:\/\/www.w3.org\/2000\/svg\"><path d=\"M549.655 124.083c-6.281-23.65-24.787-42.276-48.284-48.597C458.781 64 288 64 288 64S117.22 64 74.629 75.486c-23.497 6.322-42.003 24.947-48.284 48.597-11.412 42.867-11.412 132.305-11.412 132.305s0 89.438 11.412 132.305c6.281 23.65 24.787 41.5 48.284 47.821C117.22 448 288 448 288 448s170.78 0 213.371-11.486c23.497-6.321 42.003-24.171 48.284-47.821 11.412-42.867 11.412-132.305 11.412-132.305s0-89.438-11.412-132.305zm-317.51 213.508V175.185l142.739 81.205-142.739 81.201z\"><\/path><\/svg>\t\t\t\t\t<\/a>\n\t\t\t\t<\/span>\n\t\t\t\t\t<\/div>\n\t\t\t\t\t\t<\/div>\n\t\t\t\t<\/div>\n\t\t\t\t<\/div>\n\t\t\t\t\t<\/div>\n\t\t\t\t<\/div>\n\t\t<div class=\"elementor-element elementor-element-33d25d3 e-flex e-con-boxed e-con e-parent\" data-id=\"33d25d3\" data-element_type=\"container\" data-e-type=\"container\" data-settings=\"{&quot;jet_parallax_layout_list&quot;:[],&quot;background_background&quot;:&quot;classic&quot;}\">\n\t\t\t\t\t<div class=\"e-con-inner\">\n\t\t\t\t<div class=\"elementor-element elementor-element-0d86bdf elementor-widget elementor-widget-jet-breadcrumbs\" data-id=\"0d86bdf\" data-element_type=\"widget\" data-e-type=\"widget\" data-widget_type=\"jet-breadcrumbs.default\">\n\t\t\t\t<div class=\"elementor-widget-container\">\n\t\t\t\t\t<div class=\"elementor-jet-breadcrumbs jet-blocks\">\n\t\t<div class=\"jet-breadcrumbs\">\n\t\t<div class=\"jet-breadcrumbs__content\">\n\t\t<div class=\"jet-breadcrumbs__wrap\"><div class=\"jet-breadcrumbs__item\"><a href=\"https:\/\/ascg.me\/en\/\" class=\"jet-breadcrumbs__item-link is-home\" rel=\"home\" title=\"Home\">Home<\/a><\/div>\n\t\t<\/div>\n\t\t<\/div>\n\t\t<\/div><\/div>\t\t\t\t<\/div>\n\t\t\t\t<\/div>\n\t\t\t\t\t<\/div>\n\t\t\t\t<\/div>\n\t\t\t\t<\/div>\n\t\t","protected":false},"excerpt":{"rendered":"<p>Serdara Jola Pileti\u0107a 1\/J, Podgorica 81000, Crna Gora office@ascg.me pr@ascg.me (medijski upiti) +382 20 510 805 +382 20 510 806 +382 20 510 807 Prijavite se na newsletter Pratite nas na dru\u0161tvenim mre\u017eama Linkedin Facebook Instagram Youtube Po\u010detna<\/p>\n","protected":false},"author":1,"featured_media":0,"parent":0,"menu_order":0,"comment_status":"closed","ping_status":"closed","template":"","meta":{"_seopress_robots_primary_cat":"","_seopress_titles_title":"","_seopress_titles_desc":"Atlantic Council of Montenegro Contact information.","_seopress_robots_index":"","footnotes":""},"class_list":["post-25008","page","type-page","status-publish","hentry"],"_links":{"self":[{"href":"https:\/\/ascg.me\/en\/wp-json\/wp\/v2\/pages\/25008","targetHints":{"allow":["GET"]}}],"collection":[{"href":"https:\/\/ascg.me\/en\/wp-json\/wp\/v2\/pages"}],"about":[{"href":"https:\/\/ascg.me\/en\/wp-json\/wp\/v2\/types\/page"}],"author":[{"embeddable":true,"href":"https:\/\/ascg.me\/en\/wp-json\/wp\/v2\/users\/1"}],"replies":[{"embeddable":true,"href":"https:\/\/ascg.me\/en\/wp-json\/wp\/v2\/comments?post=25008"}],"version-history":[{"count":3,"href":"https:\/\/ascg.me\/en\/wp-json\/wp\/v2\/pages\/25008\/revisions"}],"predecessor-version":[{"id":25011,"href":"https:\/\/ascg.me\/en\/wp-json\/wp\/v2\/pages\/25008\/revisions\/25011"}],"wp:attachment":[{"href":"https:\/\/ascg.me\/en\/wp-json\/wp\/v2\/media?parent=25008"}],"curies":[{"name":"wp","href":"https:\/\/api.w.org\/{rel}","templated":true}]}}